{"id":11,"date":"2024-11-26T12:09:48","date_gmt":"2024-11-26T12:09:48","guid":{"rendered":"http:\/\/hairtreat.fi\/?page_id=11"},"modified":"2025-12-01T09:50:37","modified_gmt":"2025-12-01T09:50:37","slug":"meista","status":"publish","type":"page","link":"https:\/\/hairtreat.fi\/?page_id=11","title":{"rendered":"Meist\u00e4"},"content":{"rendered":"\n<div class=\"wp-block-group alignfull has-contrast-color has-text-color has-link-color wp-elements-7ed5a7f418db53696ca411a667100a98 has-global-padding is-layout-constrained wp-container-core-group-is-layout-23b1a4dc wp-block-group-is-layout-constrained\" style=\"padding-top:var(--wp--preset--spacing--30);padding-right:var(--wp--preset--spacing--30);padding-bottom:var(--wp--preset--spacing--30);padding-left:var(--wp--preset--spacing--30)\">\n<div class=\"wp-block-group alignwide is-content-justification-space-between is-layout-flex wp-container-core-group-is-layout-b585a4aa wp-block-group-is-layout-flex\">\n<div class=\"wp-block-group is-layout-flex wp-container-core-group-is-layout-7a92790e wp-block-group-is-layout-flex\"><div class=\"is-default-size wp-block-site-logo\"><a href=\"https:\/\/hairtreat.fi\/\" class=\"custom-logo-link\" rel=\"home\"><img loading=\"lazy\" decoding=\"async\" width=\"210\" height=\"220\" src=\"https:\/\/hairtreat.fi\/wp-content\/uploads\/2024\/11\/Hairtreat-logo-1.avif\" class=\"custom-logo\" alt=\"Hair Treat Helsinki \" \/><\/a><\/div>\n\n\n<div class=\"wp-block-group is-vertical is-layout-flex wp-container-core-group-is-layout-30a70405 wp-block-group-is-layout-flex\"><h1 class=\"has-link-color wp-elements-d6202aa7d337f2ce08aedc8ed261a84e wp-block-site-title\"><a href=\"https:\/\/hairtreat.fi\" target=\"_self\" rel=\"home\">Hair Treat Helsinki <\/a><\/h1>\n\n<p class=\"wp-block-site-tagline has-small-font-size\">Professional Hair Salon<\/p><\/div>\n<\/div>\n\n\n<nav class=\"has-small-font-size is-responsive items-justified-right wp-block-navigation is-content-justification-right is-layout-flex wp-container-core-navigation-is-layout-f665d2b5 wp-block-navigation-is-layout-flex\" aria-label=\"Footer navigation\" \n\t\t data-wp-interactive=\"core\/navigation\" data-wp-context='{\"overlayOpenedBy\":{\"click\":false,\"hover\":false,\"focus\":false},\"type\":\"overlay\",\"roleAttribute\":\"\",\"ariaLabel\":\"Menu\"}'><button aria-haspopup=\"dialog\" aria-label=\"Open menu\" class=\"wp-block-navigation__responsive-container-open\" \n\t\t\t\tdata-wp-on-async--click=\"actions.openMenuOnClick\"\n\t\t\t\tdata-wp-on--keydown=\"actions.handleMenuKeydown\"\n\t\t\t><svg width=\"24\" height=\"24\" xmlns=\"http:\/\/www.w3.org\/2000\/svg\" viewBox=\"0 0 24 24\" aria-hidden=\"true\" focusable=\"false\"><rect x=\"4\" y=\"7.5\" width=\"16\" height=\"1.5\" \/><rect x=\"4\" y=\"15\" width=\"16\" height=\"1.5\" \/><\/svg><\/button>\n\t\t\t\t<div class=\"wp-block-navigation__responsive-container\"  id=\"modal-2\" \n\t\t\t\tdata-wp-class--has-modal-open=\"state.isMenuOpen\"\n\t\t\t\tdata-wp-class--is-menu-open=\"state.isMenuOpen\"\n\t\t\t\tdata-wp-watch=\"callbacks.initMenu\"\n\t\t\t\tdata-wp-on--keydown=\"actions.handleMenuKeydown\"\n\t\t\t\tdata-wp-on-async--focusout=\"actions.handleMenuFocusout\"\n\t\t\t\ttabindex=\"-1\"\n\t\t\t>\n\t\t\t\t\t<div class=\"wp-block-navigation__responsive-close\" tabindex=\"-1\">\n\t\t\t\t\t\t<div class=\"wp-block-navigation__responsive-dialog\" \n\t\t\t\tdata-wp-bind--aria-modal=\"state.ariaModal\"\n\t\t\t\tdata-wp-bind--aria-label=\"state.ariaLabel\"\n\t\t\t\tdata-wp-bind--role=\"state.roleAttribute\"\n\t\t\t>\n\t\t\t\t\t\t\t<button aria-label=\"Close menu\" class=\"wp-block-navigation__responsive-container-close\" \n\t\t\t\tdata-wp-on-async--click=\"actions.closeMenuOnClick\"\n\t\t\t><svg xmlns=\"http:\/\/www.w3.org\/2000\/svg\" viewBox=\"0 0 24 24\" width=\"24\" height=\"24\" aria-hidden=\"true\" focusable=\"false\"><path d=\"m13.06 12 6.47-6.47-1.06-1.06L12 10.94 5.53 4.47 4.47 5.53 10.94 12l-6.47 6.47 1.06 1.06L12 13.06l6.47 6.47 1.06-1.06L13.06 12Z\"><\/path><\/svg><\/button>\n\t\t\t\t\t\t\t<div class=\"wp-block-navigation__responsive-container-content\" \n\t\t\t\tdata-wp-watch=\"callbacks.focusFirstElement\"\n\t\t\t id=\"modal-2-content\">\n\t\t\t\t\t\t\t\t<ul class=\"wp-block-navigation__container has-small-font-size is-responsive items-justified-right wp-block-navigation has-small-font-size\"><li class=\"has-small-font-size wp-block-navigation-item wp-block-home-link\"><a class=\"wp-block-home-link__content wp-block-navigation-item__content\" href=\"https:\/\/hairtreat.fi\" rel=\"home\">Etusivu<\/a><\/li><li class=\"has-small-font-size wp-block-navigation-item wp-block-navigation-link\"><a class=\"wp-block-navigation-item__content\"  href=\"http:\/\/hairtreat.fi\/?page_id=11\"><span class=\"wp-block-navigation-item__label\">Meist\u00e4<\/span><\/a><\/li><li class=\"has-small-font-size wp-block-navigation-item wp-block-navigation-link\"><a class=\"wp-block-navigation-item__content\"  href=\"http:\/\/hairtreat.fi\/?page_id=13\"><span class=\"wp-block-navigation-item__label\">Palvelumme ja hinnasto<\/span><\/a><\/li><li class=\"has-small-font-size wp-block-navigation-item wp-block-navigation-link\"><a class=\"wp-block-navigation-item__content\"  href=\"http:\/\/hairtreat.fi\/?page_id=15\"><span class=\"wp-block-navigation-item__label\">Tuotteemme<\/span><\/a><\/li><li class=\"has-small-font-size wp-block-navigation-item wp-block-navigation-link\"><a class=\"wp-block-navigation-item__content\"  href=\"http:\/\/hairtreat.fi\/?page_id=17\"><span class=\"wp-block-navigation-item__label\">Ota yhteytt\u00e4<\/span><\/a><\/li><\/ul>\n<div class=\"wp-block-buttons is-layout-flex wp-block-buttons-is-layout-flex\">\n<div class=\"wp-block-button is-style-outline is-style-outline--1\"><a class=\"wp-block-button__link wp-element-button\" href=\"https:\/\/timma.fi\/yritys\/hair-treat-mikonkatu\">Varaa aika<\/a><\/div>\n<\/div>\n\n\t\t\t\t\t\t\t<\/div>\n\t\t\t\t\t\t<\/div>\n\t\t\t\t\t<\/div>\n\t\t\t\t<\/div><\/nav><\/div>\n<\/div>\n\n\n\n<h2 class=\"wp-block-heading has-text-align-center\">Meid\u00e4n tiimimme<\/h2>\n\n\n\n<p>Tervetuloa ammattilaisten k\u00e4siin &#8211; Hair Treat Helsingiss\u00e4 sinua palvelee useat parturi-kampaamon ammattilaiset.&nbsp;Voit tutustua tiimiimme lis\u00e4\u00e4 alta.<\/p>\n\n\n\n<div class=\"wp-block-columns is-layout-flex wp-container-core-columns-is-layout-28f84493 wp-block-columns-is-layout-flex\">\n<div class=\"wp-block-column is-layout-flow wp-block-column-is-layout-flow\" style=\"flex-basis:100%\">\n<div class=\"wp-block-group is-layout-grid wp-container-core-group-is-layout-478b6e6b wp-block-group-is-layout-grid\">\n<figure class=\"wp-block-image size-full wp-duotone-unset-3\"><img loading=\"lazy\" decoding=\"async\" width=\"864\" height=\"864\" src=\"http:\/\/hairtreat.fi\/wp-content\/uploads\/2025\/12\/pinar.jpeg\" alt=\"\" class=\"wp-image-426\" srcset=\"https:\/\/hairtreat.fi\/wp-content\/uploads\/2025\/12\/pinar.jpeg 864w, https:\/\/hairtreat.fi\/wp-content\/uploads\/2025\/12\/pinar-300x300.jpeg 300w, https:\/\/hairtreat.fi\/wp-content\/uploads\/2025\/12\/pinar-150x150.jpeg 150w, https:\/\/hairtreat.fi\/wp-content\/uploads\/2025\/12\/pinar-768x768.jpeg 768w\" sizes=\"auto, (max-width: 864px) 100vw, 864px\" \/><figcaption class=\"wp-element-caption\"><mark style=\"background-color:rgba(0, 0, 0, 0)\" class=\"has-inline-color has-contrast-color\">Pinar<br>Parturi-kampaaja<\/mark><\/figcaption><\/figure>\n\n\n\n<figure class=\"wp-block-image size-full wp-container-content-69bc4bdf wp-duotone-unset-4\"><img loading=\"lazy\" decoding=\"async\" width=\"864\" height=\"864\" src=\"http:\/\/hairtreat.fi\/wp-content\/uploads\/2025\/12\/harun.jpeg\" alt=\"\" class=\"wp-image-425\" srcset=\"https:\/\/hairtreat.fi\/wp-content\/uploads\/2025\/12\/harun.jpeg 864w, https:\/\/hairtreat.fi\/wp-content\/uploads\/2025\/12\/harun-300x300.jpeg 300w, https:\/\/hairtreat.fi\/wp-content\/uploads\/2025\/12\/harun-150x150.jpeg 150w, https:\/\/hairtreat.fi\/wp-content\/uploads\/2025\/12\/harun-768x768.jpeg 768w\" sizes=\"auto, (max-width: 864px) 100vw, 864px\" \/><figcaption class=\"wp-element-caption\"><mark style=\"background-color:rgba(0, 0, 0, 0)\" class=\"has-inline-color has-contrast-color\">Harun<br>Parturi-kampaaja<\/mark><\/figcaption><\/figure>\n\n\n\n<figure class=\"wp-block-image size-full wp-duotone-unset-5\"><img loading=\"lazy\" decoding=\"async\" width=\"864\" height=\"864\" src=\"http:\/\/hairtreat.fi\/wp-content\/uploads\/2025\/12\/bugra.jpeg\" alt=\"\" class=\"wp-image-424\" srcset=\"https:\/\/hairtreat.fi\/wp-content\/uploads\/2025\/12\/bugra.jpeg 864w, https:\/\/hairtreat.fi\/wp-content\/uploads\/2025\/12\/bugra-300x300.jpeg 300w, https:\/\/hairtreat.fi\/wp-content\/uploads\/2025\/12\/bugra-150x150.jpeg 150w, https:\/\/hairtreat.fi\/wp-content\/uploads\/2025\/12\/bugra-768x768.jpeg 768w\" sizes=\"auto, (max-width: 864px) 100vw, 864px\" \/><figcaption class=\"wp-element-caption\"><mark style=\"background-color:rgba(0, 0, 0, 0)\" class=\"has-inline-color has-contrast-color\">Bugra<br>Parturi-kampaaja<\/mark><\/figcaption><\/figure>\n\n\n\n<figure class=\"wp-block-image size-full wp-container-content-69bc4bdf wp-duotone-unset-6\"><img loading=\"lazy\" decoding=\"async\" width=\"287\" height=\"323\" src=\"http:\/\/hairtreat.fi\/wp-content\/uploads\/2024\/11\/wiki_edited-4.jpg\" alt=\"\" class=\"wp-image-166\" srcset=\"https:\/\/hairtreat.fi\/wp-content\/uploads\/2024\/11\/wiki_edited-4.jpg 287w, https:\/\/hairtreat.fi\/wp-content\/uploads\/2024\/11\/wiki_edited-4-267x300.jpg 267w\" sizes=\"auto, (max-width: 287px) 100vw, 287px\" \/><figcaption class=\"wp-element-caption\"><mark style=\"background-color:rgba(0, 0, 0, 0)\" class=\"has-inline-color has-contrast-color\">Victoria<br>Parturi-kampaaja<\/mark><\/figcaption><\/figure>\n<\/div>\n<\/div>\n<\/div>\n\n\n\n<div class=\"wp-block-columns is-layout-flex wp-container-core-columns-is-layout-28f84493 wp-block-columns-is-layout-flex\">\n<div class=\"wp-block-column is-layout-flow wp-block-column-is-layout-flow\">\n<h2 class=\"wp-block-heading has-text-align-center\">Kysytt\u00e4v\u00e4\u00e4?<\/h2>\n<\/div>\n<\/div>\n\n\n\n<p class=\"has-text-align-center\">Ota meihin yhteytt\u00e4 joko puhelimitse tai Instagramin puolella.<\/p>\n\n\n\n<p class=\"has-text-align-center\">Palvelemme my\u00f6s nettiajanvarauksella.<\/p>\n\n\n\n<div class=\"wp-block-buttons is-content-justification-center is-layout-flex wp-container-core-buttons-is-layout-a89b3969 wp-block-buttons-is-layout-flex\">\n<div class=\"wp-block-button\"><a class=\"wp-block-button__link has-text-align-center wp-element-button\" href=\"http:\/\/hairtreat.fi\/?page_id=17\">Ota yhteytt\u00e4<\/a><\/div>\n<\/div>\n\n\n\n<p><\/p>\n","protected":false},"excerpt":{"rendered":"<p>Meid\u00e4n tiimimme Tervetuloa ammattilaisten k\u00e4siin &#8211; Hair Treat Helsingiss\u00e4 sinua palvelee useat parturi-kampaamon ammattilaiset.&nbsp;Voit tutustua tiimiimme lis\u00e4\u00e4 alta. Kysytt\u00e4v\u00e4\u00e4? Ota meihin yhteytt\u00e4 joko puhelimitse tai Instagramin puolella. Palvelemme my\u00f6s nettiajanvarauksella.<\/p>\n","protected":false},"author":1,"featured_media":0,"parent":0,"menu_order":0,"comment_status":"closed","ping_status":"closed","template":"","meta":{"footnotes":""},"class_list":["post-11","page","type-page","status-publish","hentry"],"_links":{"self":[{"href":"https:\/\/hairtreat.fi\/index.php?rest_route=\/wp\/v2\/pages\/11","targetHints":{"allow":["GET"]}}],"collection":[{"href":"https:\/\/hairtreat.fi\/index.php?rest_route=\/wp\/v2\/pages"}],"about":[{"href":"https:\/\/hairtreat.fi\/index.php?rest_route=\/wp\/v2\/types\/page"}],"author":[{"embeddable":true,"href":"https:\/\/hairtreat.fi\/index.php?rest_route=\/wp\/v2\/users\/1"}],"replies":[{"embeddable":true,"href":"https:\/\/hairtreat.fi\/index.php?rest_route=%2Fwp%2Fv2%2Fcomments&post=11"}],"version-history":[{"count":49,"href":"https:\/\/hairtreat.fi\/index.php?rest_route=\/wp\/v2\/pages\/11\/revisions"}],"predecessor-version":[{"id":430,"href":"https:\/\/hairtreat.fi\/index.php?rest_route=\/wp\/v2\/pages\/11\/revisions\/430"}],"wp:attachment":[{"href":"https:\/\/hairtreat.fi\/index.php?rest_route=%2Fwp%2Fv2%2Fmedia&parent=11"}],"curies":[{"name":"wp","href":"https:\/\/api.w.org\/{rel}","templated":true}]}}