{"id":13,"date":"2024-11-26T12:10:07","date_gmt":"2024-11-26T12:10:07","guid":{"rendered":"http:\/\/hairtreat.fi\/?page_id=13"},"modified":"2024-12-02T11:28:10","modified_gmt":"2024-12-02T11:28:10","slug":"palvelumme-ja-hinnasto","status":"publish","type":"page","link":"https:\/\/hairtreat.fi\/?page_id=13","title":{"rendered":"Palvelumme ja hinnasto"},"content":{"rendered":"\n<div class=\"wp-block-group alignfull has-contrast-color has-text-color has-link-color wp-elements-7ed5a7f418db53696ca411a667100a98 has-global-padding is-layout-constrained wp-container-core-group-is-layout-23b1a4dc wp-block-group-is-layout-constrained\" style=\"padding-top:var(--wp--preset--spacing--30);padding-right:var(--wp--preset--spacing--30);padding-bottom:var(--wp--preset--spacing--30);padding-left:var(--wp--preset--spacing--30)\">\n<div class=\"wp-block-group alignwide is-content-justification-space-between is-layout-flex wp-container-core-group-is-layout-b585a4aa wp-block-group-is-layout-flex\">\n<div class=\"wp-block-group is-layout-flex wp-container-core-group-is-layout-7a92790e wp-block-group-is-layout-flex\"><div class=\"is-default-size wp-block-site-logo\"><a href=\"https:\/\/hairtreat.fi\/\" class=\"custom-logo-link\" rel=\"home\"><img loading=\"lazy\" decoding=\"async\" width=\"210\" height=\"220\" src=\"https:\/\/hairtreat.fi\/wp-content\/uploads\/2024\/11\/Hairtreat-logo-1.avif\" class=\"custom-logo\" alt=\"Hair Treat Helsinki \" \/><\/a><\/div>\n\n\n<div class=\"wp-block-group is-vertical is-layout-flex wp-container-core-group-is-layout-30a70405 wp-block-group-is-layout-flex\"><h1 class=\"has-link-color wp-elements-d6202aa7d337f2ce08aedc8ed261a84e wp-block-site-title\"><a href=\"https:\/\/hairtreat.fi\" target=\"_self\" rel=\"home\">Hair Treat Helsinki <\/a><\/h1>\n\n<p class=\"wp-block-site-tagline has-small-font-size\">Professional Hair Salon<\/p><\/div>\n<\/div>\n\n\n<nav class=\"has-small-font-size is-responsive items-justified-right wp-block-navigation is-content-justification-right is-layout-flex wp-container-core-navigation-is-layout-f665d2b5 wp-block-navigation-is-layout-flex\" aria-label=\"Footer navigation\" \n\t\t data-wp-interactive=\"core\/navigation\" data-wp-context='{\"overlayOpenedBy\":{\"click\":false,\"hover\":false,\"focus\":false},\"type\":\"overlay\",\"roleAttribute\":\"\",\"ariaLabel\":\"Menu\"}'><button aria-haspopup=\"dialog\" aria-label=\"Open menu\" class=\"wp-block-navigation__responsive-container-open\" \n\t\t\t\tdata-wp-on-async--click=\"actions.openMenuOnClick\"\n\t\t\t\tdata-wp-on--keydown=\"actions.handleMenuKeydown\"\n\t\t\t><svg width=\"24\" height=\"24\" xmlns=\"http:\/\/www.w3.org\/2000\/svg\" viewBox=\"0 0 24 24\" aria-hidden=\"true\" focusable=\"false\"><rect x=\"4\" y=\"7.5\" width=\"16\" height=\"1.5\" \/><rect x=\"4\" y=\"15\" width=\"16\" height=\"1.5\" \/><\/svg><\/button>\n\t\t\t\t<div class=\"wp-block-navigation__responsive-container\"  id=\"modal-2\" \n\t\t\t\tdata-wp-class--has-modal-open=\"state.isMenuOpen\"\n\t\t\t\tdata-wp-class--is-menu-open=\"state.isMenuOpen\"\n\t\t\t\tdata-wp-watch=\"callbacks.initMenu\"\n\t\t\t\tdata-wp-on--keydown=\"actions.handleMenuKeydown\"\n\t\t\t\tdata-wp-on-async--focusout=\"actions.handleMenuFocusout\"\n\t\t\t\ttabindex=\"-1\"\n\t\t\t>\n\t\t\t\t\t<div class=\"wp-block-navigation__responsive-close\" tabindex=\"-1\">\n\t\t\t\t\t\t<div class=\"wp-block-navigation__responsive-dialog\" \n\t\t\t\tdata-wp-bind--aria-modal=\"state.ariaModal\"\n\t\t\t\tdata-wp-bind--aria-label=\"state.ariaLabel\"\n\t\t\t\tdata-wp-bind--role=\"state.roleAttribute\"\n\t\t\t>\n\t\t\t\t\t\t\t<button aria-label=\"Close menu\" class=\"wp-block-navigation__responsive-container-close\" \n\t\t\t\tdata-wp-on-async--click=\"actions.closeMenuOnClick\"\n\t\t\t><svg xmlns=\"http:\/\/www.w3.org\/2000\/svg\" viewBox=\"0 0 24 24\" width=\"24\" height=\"24\" aria-hidden=\"true\" focusable=\"false\"><path d=\"m13.06 12 6.47-6.47-1.06-1.06L12 10.94 5.53 4.47 4.47 5.53 10.94 12l-6.47 6.47 1.06 1.06L12 13.06l6.47 6.47 1.06-1.06L13.06 12Z\"><\/path><\/svg><\/button>\n\t\t\t\t\t\t\t<div class=\"wp-block-navigation__responsive-container-content\" \n\t\t\t\tdata-wp-watch=\"callbacks.focusFirstElement\"\n\t\t\t id=\"modal-2-content\">\n\t\t\t\t\t\t\t\t<ul class=\"wp-block-navigation__container has-small-font-size is-responsive items-justified-right wp-block-navigation has-small-font-size\"><li class=\"has-small-font-size wp-block-navigation-item wp-block-home-link\"><a class=\"wp-block-home-link__content wp-block-navigation-item__content\" href=\"https:\/\/hairtreat.fi\" rel=\"home\">Etusivu<\/a><\/li><li class=\"has-small-font-size wp-block-navigation-item wp-block-navigation-link\"><a class=\"wp-block-navigation-item__content\"  href=\"http:\/\/hairtreat.fi\/?page_id=11\"><span class=\"wp-block-navigation-item__label\">Meist\u00e4<\/span><\/a><\/li><li class=\"has-small-font-size wp-block-navigation-item wp-block-navigation-link\"><a class=\"wp-block-navigation-item__content\"  href=\"http:\/\/hairtreat.fi\/?page_id=13\"><span class=\"wp-block-navigation-item__label\">Palvelumme ja hinnasto<\/span><\/a><\/li><li class=\"has-small-font-size wp-block-navigation-item wp-block-navigation-link\"><a class=\"wp-block-navigation-item__content\"  href=\"http:\/\/hairtreat.fi\/?page_id=15\"><span class=\"wp-block-navigation-item__label\">Tuotteemme<\/span><\/a><\/li><li class=\"has-small-font-size wp-block-navigation-item wp-block-navigation-link\"><a class=\"wp-block-navigation-item__content\"  href=\"http:\/\/hairtreat.fi\/?page_id=17\"><span class=\"wp-block-navigation-item__label\">Ota yhteytt\u00e4<\/span><\/a><\/li><\/ul>\n<div class=\"wp-block-buttons is-layout-flex wp-block-buttons-is-layout-flex\">\n<div class=\"wp-block-button is-style-outline is-style-outline--1\"><a class=\"wp-block-button__link wp-element-button\" href=\"https:\/\/timma.fi\/yritys\/hair-treat-mikonkatu\">Varaa aika<\/a><\/div>\n<\/div>\n\n\t\t\t\t\t\t\t<\/div>\n\t\t\t\t\t\t<\/div>\n\t\t\t\t\t<\/div>\n\t\t\t\t<\/div><\/nav><\/div>\n<\/div>\n\n\n\n<div class=\"wp-block-columns alignwide is-layout-flex wp-container-core-columns-is-layout-28f84493 wp-block-columns-is-layout-flex\">\n<div class=\"wp-block-column is-layout-flow wp-block-column-is-layout-flow\" style=\"flex-basis:100%\">\n<div class=\"wp-block-group alignwide has-global-padding is-layout-constrained wp-container-core-group-is-layout-490fa1db wp-block-group-is-layout-constrained\" style=\"padding-top:var(--wp--preset--spacing--50);padding-right:var(--wp--preset--spacing--50);padding-bottom:var(--wp--preset--spacing--50);padding-left:var(--wp--preset--spacing--50)\">\n<div class=\"wp-block-group has-global-padding is-layout-constrained wp-container-core-group-is-layout-650790e1 wp-block-group-is-layout-constrained\">\n<h1 class=\"wp-block-heading has-text-align-center has-x-large-font-size\">Palvelumme<\/h1>\n\n\n\n<div style=\"height:1.25rem\" aria-hidden=\"true\" class=\"wp-block-spacer\"><\/div>\n\n\n\n<p class=\"has-text-align-center\">Palveluihimme kuuluvat monipuolisesti erilaisia palveluita &#8211; hoidamme hiusten v\u00e4rj\u00e4yksen, leikkauksen, hoidon ja kampaukset.&nbsp;<\/p>\n\n\n\n<p class=\"has-text-align-center\">Meid\u00e4n palveluihimme kuuluvat my\u00f6s permanentit, parranhoito sek\u00e4 ripsien ja kulmien muotoilu.&nbsp;<\/p>\n<\/div>\n<\/div>\n<\/div>\n<\/div>\n\n\n\n<div class=\"wp-block-group alignfull has-base-2-background-color has-background has-global-padding is-layout-constrained wp-container-core-group-is-layout-669513ed wp-block-group-is-layout-constrained\" style=\"margin-top:0;margin-bottom:0;padding-top:var(--wp--preset--spacing--50);padding-right:var(--wp--preset--spacing--50);padding-bottom:var(--wp--preset--spacing--50);padding-left:var(--wp--preset--spacing--50)\">\n<div class=\"wp-block-columns alignwide is-layout-flex wp-container-core-columns-is-layout-d0bbbce0 wp-block-columns-is-layout-flex\">\n<div class=\"wp-block-column is-layout-flow wp-container-core-column-is-layout-e3d1c41b wp-block-column-is-layout-flow\">\n<h3 class=\"wp-block-heading has-text-align-left is-style-asterisk has-body-font-family has-medium-font-size\" style=\"font-style:normal;font-weight:600\">1&nbsp; Hiustenleikkaukset<\/h3>\n\n\n\n<p class=\"has-text-align-left\">Koneajo 20 \u20ac<\/p>\n\n\n\n<p>Parturileikkaus 30 \u20ac<\/p>\n\n\n\n<p>Jenkkisiili 35&nbsp;\u20ac<\/p>\n\n\n\n<p>Lasten (alle 7 v.) hiustenleikkaus 25 \u20ac<\/p>\n\n\n\n<p>Otsatukan leikkaus 20 \u20ac<\/p>\n\n\n\n<p>Tasausleikkaus 35 \u20ac<\/p>\n\n\n\n<p>Kampaamoleikkaus 45 \u20ac<\/p>\n\n\n\n<p class=\"has-text-align-left\">Mallinmuutoslis\u00e4 5-20 \u20ac<br>Pesu leikkauksen yhteydess\u00e4 5 \u20ac<\/p>\n<\/div>\n\n\n\n<div class=\"wp-block-column is-layout-flow wp-container-core-column-is-layout-e3d1c41b wp-block-column-is-layout-flow\">\n<h3 class=\"wp-block-heading has-text-align-left is-style-asterisk has-body-font-family has-medium-font-size\" style=\"font-style:normal;font-weight:600\">2 V\u00e4rj\u00e4ys<\/h3>\n\n\n\n<p class=\"has-text-align-left\"><strong>lyhyet\/puolipitk\u00e4t\/pitk\u00e4t<\/strong><br>Tyviv\u00e4ri 80\/85\/90 \u20ac<\/p>\n\n\n\n<p>Yhdell\u00e4 v\u00e4rill\u00e4 90\/110\/130 \u20ac<\/p>\n\n\n\n<p>Moniv\u00e4ri 100\/120\/140 \u20ac<\/p>\n\n\n\n<p>Raidat 105\/125\/145 \u20ac<\/p>\n\n\n\n<p>Osaraidat 80\/100\/120 \u20ac<\/p>\n\n\n\n<p>Vaalennus ty\u00f6n yhteydess\u00e4 40\/50\/60 \u20ac<\/p>\n\n\n\n<p>S\u00e4vytys ty\u00f6n yhteydess\u00e4 15-40 \u20ac<\/p>\n\n\n\n<p class=\"has-text-align-left\">Extrapaksujen\/-pitkien hiusten lis\u00e4 20-60 \u20ac<\/p>\n<\/div>\n\n\n\n<div class=\"wp-block-column is-layout-flow wp-container-core-column-is-layout-e3d1c41b wp-block-column-is-layout-flow\">\n<h3 class=\"wp-block-heading has-text-align-left is-style-asterisk has-body-font-family has-medium-font-size\" style=\"font-style:normal;font-weight:600\">3 V\u00e4ri + leikkaus<\/h3>\n\n\n\n<p class=\"has-text-align-left\"><strong>lyhyet\/puolipitk\u00e4t\/pitk\u00e4t<\/strong><\/p>\n\n\n\n<p>Tyviv\u00e4ri 100\/105\/110 \u20ac&nbsp;<\/p>\n\n\n\n<p>Yhdell\u00e4 v\u00e4rill\u00e4 110\/130\/150 \u20ac<\/p>\n\n\n\n<p>Moniv\u00e4ri 120\/140\/160 \u20ac<\/p>\n\n\n\n<p>Raidat 125\/145\/165 \u20ac<\/p>\n\n\n\n<p>Osaraidat 100\/120\/140 \u20ac<\/p>\n\n\n\n<p>V\u00e4ri + parturileikkaus 80 \u20ac<\/p>\n\n\n\n<p>Raidat + parturileikkaus 90 \u20ac<\/p>\n\n\n\n<p class=\"has-text-align-left\">Extrapaksujen-\/pitkien hiusten lis\u00e4 20-60 \u20ac<\/p>\n<\/div>\n<\/div>\n\n\n\n<div style=\"height:var(--wp--preset--spacing--20)\" aria-hidden=\"true\" class=\"wp-block-spacer\"><\/div>\n\n\n\n<div class=\"wp-block-columns alignwide is-layout-flex wp-container-core-columns-is-layout-d0bbbce0 wp-block-columns-is-layout-flex\">\n<div class=\"wp-block-column is-layout-flow wp-container-core-column-is-layout-e3d1c41b wp-block-column-is-layout-flow\">\n<h3 class=\"wp-block-heading has-text-align-left is-style-asterisk has-body-font-family has-medium-font-size\" style=\"font-style:normal;font-weight:600\">4 Kampaukset<\/h3>\n\n\n\n<p class=\"has-text-align-left\">Suoristus\/kiharrus ty\u00f6n yhteydess\u00e4 10-20 \u20ac<\/p>\n\n\n\n<p>Hiustenpesu ja f\u00f6\u00f6naus 25-50 \u20ac<\/p>\n\n\n\n<p>Rullakampaus 60 \u20ac<\/p>\n\n\n\n<p>Pikakampaus 35-60 \u20ac<\/p>\n\n\n\n<p>Juhlakampaukset 75-90 \u20ac<\/p>\n\n\n\n<p>Juhlakampaus (sis. suunnittelu + koekampaus) 150 \u20ac&nbsp;<\/p>\n\n\n\n<p>Permanentti alk. 120 \u20ac<\/p>\n\n\n\n<p class=\"has-text-align-left\">Osa permanentti alk. 100 \u20ac<\/p>\n<\/div>\n\n\n\n<div class=\"wp-block-column is-layout-flow wp-container-core-column-is-layout-e3d1c41b wp-block-column-is-layout-flow\">\n<h3 class=\"wp-block-heading has-text-align-left is-style-asterisk has-body-font-family has-medium-font-size\" style=\"font-style:normal;font-weight:600\">5 Ripset ja kulmat<\/h3>\n\n\n\n<p class=\"has-text-align-left\">Kulmien muotoilu 10 \u20ac<\/p>\n\n\n\n<p>Ripsien v\u00e4rj\u00e4ys 20 \u20ac<\/p>\n\n\n\n<p>Kulmien v\u00e4rj\u00e4ys ja muotoilu 20 \u20ac<\/p>\n\n\n\n<p class=\"has-text-align-left\">Ripsien ja kulmien v\u00e4rj\u00e4ys ja muotoilu 35 \u20ac<\/p>\n<\/div>\n\n\n\n<div class=\"wp-block-column is-layout-flow wp-container-core-column-is-layout-e3d1c41b wp-block-column-is-layout-flow\">\n<h3 class=\"wp-block-heading has-text-align-left is-style-asterisk has-body-font-family has-medium-font-size\" style=\"font-style:normal;font-weight:600\">6 Parranhoito<\/h3>\n\n\n\n<p class=\"has-text-align-left\">Viiksien muotoilu 6 \u20ac<\/p>\n\n\n\n<p>Parran ajo \/ muotoilu koneella 15-20 \u20ac<\/p>\n\n\n\n<p>Parran ajo \/ muotoilu veitsell\u00e4 25 \u20ac<\/p>\n\n\n\n<p>Amerikkalainen parranajo 30 \u20ac<\/p>\n\n\n\n<p class=\"has-text-align-left\">Parran v\u00e4rj\u00e4ys sis.muotoilun 45 \u20ac<\/p>\n<\/div>\n<\/div>\n<\/div>\n\n\n\n<div class=\"wp-block-cover alignfull wp-duotone-unset-3\" style=\"min-height:648px;aspect-ratio:unset;\"><span aria-hidden=\"true\" class=\"wp-block-cover__background has-background-dim\" style=\"background-color:#a16c5a\"><\/span><img loading=\"lazy\" decoding=\"async\" width=\"2560\" height=\"1707\" class=\"wp-block-cover__image-background wp-image-78\" alt=\"\" src=\"http:\/\/hairtreat.fi\/wp-content\/uploads\/2024\/11\/6-scaled.jpeg\" data-object-fit=\"cover\" srcset=\"https:\/\/hairtreat.fi\/wp-content\/uploads\/2024\/11\/6-scaled.jpeg 2560w, https:\/\/hairtreat.fi\/wp-content\/uploads\/2024\/11\/6-300x200.jpeg 300w, https:\/\/hairtreat.fi\/wp-content\/uploads\/2024\/11\/6-1024x683.jpeg 1024w, https:\/\/hairtreat.fi\/wp-content\/uploads\/2024\/11\/6-768x512.jpeg 768w, https:\/\/hairtreat.fi\/wp-content\/uploads\/2024\/11\/6-1536x1024.jpeg 1536w, https:\/\/hairtreat.fi\/wp-content\/uploads\/2024\/11\/6-2048x1366.jpeg 2048w\" sizes=\"auto, (max-width: 2560px) 100vw, 2560px\" \/><div class=\"wp-block-cover__inner-container is-layout-flow wp-block-cover-is-layout-flow\">\n<div class=\"wp-block-group alignfull has-global-padding is-layout-constrained wp-container-core-group-is-layout-d89aad35 wp-block-group-is-layout-constrained\" style=\"margin-top:0;margin-bottom:0;padding-top:var(--wp--preset--spacing--50);padding-right:var(--wp--preset--spacing--50);padding-bottom:var(--wp--preset--spacing--50);padding-left:var(--wp--preset--spacing--50)\">\n<h2 class=\"wp-block-heading has-text-align-center\"><a href=\"https:\/\/timma.fi\/yritys\/hair-treat-mikonkatu?isSearch=true\" target=\"_blank\" rel=\"noreferrer noopener\"><mark style=\"background-color:rgba(0, 0, 0, 0)\" class=\"has-inline-color has-base-2-color\">Varaa aikasi<\/mark><\/a> (Timma)<\/h2>\n\n\n\n<p class=\"has-text-align-center\"><a href=\"https:\/\/timma.fi\/yritys\/hair-treat-mikonkatu?isSearch=true\" target=\"_blank\" rel=\"noreferrer noopener\"><mark style=\"background-color:rgba(0, 0, 0, 0)\" class=\"has-inline-color has-base-2-color\">P\u00e4\u00e4set varaamaan oman aikasi suoraan verkkoajanvarauksestamme.&nbsp;<\/mark><\/a><\/p>\n<\/div>\n<\/div><\/div>\n","protected":false},"excerpt":{"rendered":"<p>Palvelumme Palveluihimme kuuluvat monipuolisesti erilaisia palveluita &#8211; hoidamme hiusten v\u00e4rj\u00e4yksen, leikkauksen, hoidon ja kampaukset.&nbsp; Meid\u00e4n palveluihimme kuuluvat my\u00f6s permanentit, parranhoito sek\u00e4 ripsien ja kulmien muotoilu.&nbsp; 1&nbsp; Hiustenleikkaukset Koneajo 20 \u20ac Parturileikkaus 30 \u20ac Jenkkisiili 35&nbsp;\u20ac Lasten (alle 7 v.) hiustenleikkaus 25 \u20ac Otsatukan leikkaus 20 \u20ac Tasausleikkaus 35 \u20ac Kampaamoleikkaus 45 \u20ac Mallinmuutoslis\u00e4 5-20 \u20acPesu [&hellip;]<\/p>\n","protected":false},"author":1,"featured_media":0,"parent":0,"menu_order":0,"comment_status":"closed","ping_status":"closed","template":"","meta":{"footnotes":""},"class_list":["post-13","page","type-page","status-publish","hentry"],"_links":{"self":[{"href":"https:\/\/hairtreat.fi\/index.php?rest_route=\/wp\/v2\/pages\/13","targetHints":{"allow":["GET"]}}],"collection":[{"href":"https:\/\/hairtreat.fi\/index.php?rest_route=\/wp\/v2\/pages"}],"about":[{"href":"https:\/\/hairtreat.fi\/index.php?rest_route=\/wp\/v2\/types\/page"}],"author":[{"embeddable":true,"href":"https:\/\/hairtreat.fi\/index.php?rest_route=\/wp\/v2\/users\/1"}],"replies":[{"embeddable":true,"href":"https:\/\/hairtreat.fi\/index.php?rest_route=%2Fwp%2Fv2%2Fcomments&post=13"}],"version-history":[{"count":10,"href":"https:\/\/hairtreat.fi\/index.php?rest_route=\/wp\/v2\/pages\/13\/revisions"}],"predecessor-version":[{"id":380,"href":"https:\/\/hairtreat.fi\/index.php?rest_route=\/wp\/v2\/pages\/13\/revisions\/380"}],"wp:attachment":[{"href":"https:\/\/hairtreat.fi\/index.php?rest_route=%2Fwp%2Fv2%2Fmedia&parent=13"}],"curies":[{"name":"wp","href":"https:\/\/api.w.org\/{rel}","templated":true}]}}