{"id":15,"date":"2024-11-26T12:10:22","date_gmt":"2024-11-26T12:10:22","guid":{"rendered":"http:\/\/hairtreat.fi\/?page_id=15"},"modified":"2024-11-29T10:48:56","modified_gmt":"2024-11-29T10:48:56","slug":"tuotteemme","status":"publish","type":"page","link":"https:\/\/hairtreat.fi\/?page_id=15","title":{"rendered":"Tuotteemme"},"content":{"rendered":"\n<div class=\"wp-block-group alignfull has-contrast-color has-text-color has-link-color wp-elements-7ed5a7f418db53696ca411a667100a98 has-global-padding is-layout-constrained wp-container-core-group-is-layout-23b1a4dc wp-block-group-is-layout-constrained\" style=\"padding-top:var(--wp--preset--spacing--30);padding-right:var(--wp--preset--spacing--30);padding-bottom:var(--wp--preset--spacing--30);padding-left:var(--wp--preset--spacing--30)\">\n<div class=\"wp-block-group alignwide is-content-justification-space-between is-layout-flex wp-container-core-group-is-layout-b585a4aa wp-block-group-is-layout-flex\">\n<div class=\"wp-block-group is-layout-flex wp-container-core-group-is-layout-7a92790e wp-block-group-is-layout-flex\"><div class=\"is-default-size wp-block-site-logo\"><a href=\"https:\/\/hairtreat.fi\/\" class=\"custom-logo-link\" rel=\"home\"><img loading=\"lazy\" decoding=\"async\" width=\"210\" height=\"220\" src=\"https:\/\/hairtreat.fi\/wp-content\/uploads\/2024\/11\/Hairtreat-logo-1.avif\" class=\"custom-logo\" alt=\"Hair Treat Helsinki \" \/><\/a><\/div>\n\n\n<div class=\"wp-block-group is-vertical is-layout-flex wp-container-core-group-is-layout-30a70405 wp-block-group-is-layout-flex\"><h1 class=\"has-link-color wp-elements-d6202aa7d337f2ce08aedc8ed261a84e wp-block-site-title\"><a href=\"https:\/\/hairtreat.fi\" target=\"_self\" rel=\"home\">Hair Treat Helsinki <\/a><\/h1>\n\n<p class=\"wp-block-site-tagline has-small-font-size\">Professional Hair Salon<\/p><\/div>\n<\/div>\n\n\n<nav class=\"has-small-font-size is-responsive items-justified-right wp-block-navigation is-content-justification-right is-layout-flex wp-container-core-navigation-is-layout-f665d2b5 wp-block-navigation-is-layout-flex\" aria-label=\"Footer navigation\" \n\t\t data-wp-interactive=\"core\/navigation\" data-wp-context='{\"overlayOpenedBy\":{\"click\":false,\"hover\":false,\"focus\":false},\"type\":\"overlay\",\"roleAttribute\":\"\",\"ariaLabel\":\"Menu\"}'><button aria-haspopup=\"dialog\" aria-label=\"Open menu\" class=\"wp-block-navigation__responsive-container-open\" \n\t\t\t\tdata-wp-on-async--click=\"actions.openMenuOnClick\"\n\t\t\t\tdata-wp-on--keydown=\"actions.handleMenuKeydown\"\n\t\t\t><svg width=\"24\" height=\"24\" xmlns=\"http:\/\/www.w3.org\/2000\/svg\" viewBox=\"0 0 24 24\" aria-hidden=\"true\" focusable=\"false\"><rect x=\"4\" y=\"7.5\" width=\"16\" height=\"1.5\" \/><rect x=\"4\" y=\"15\" width=\"16\" height=\"1.5\" \/><\/svg><\/button>\n\t\t\t\t<div class=\"wp-block-navigation__responsive-container\"  id=\"modal-2\" \n\t\t\t\tdata-wp-class--has-modal-open=\"state.isMenuOpen\"\n\t\t\t\tdata-wp-class--is-menu-open=\"state.isMenuOpen\"\n\t\t\t\tdata-wp-watch=\"callbacks.initMenu\"\n\t\t\t\tdata-wp-on--keydown=\"actions.handleMenuKeydown\"\n\t\t\t\tdata-wp-on-async--focusout=\"actions.handleMenuFocusout\"\n\t\t\t\ttabindex=\"-1\"\n\t\t\t>\n\t\t\t\t\t<div class=\"wp-block-navigation__responsive-close\" tabindex=\"-1\">\n\t\t\t\t\t\t<div class=\"wp-block-navigation__responsive-dialog\" \n\t\t\t\tdata-wp-bind--aria-modal=\"state.ariaModal\"\n\t\t\t\tdata-wp-bind--aria-label=\"state.ariaLabel\"\n\t\t\t\tdata-wp-bind--role=\"state.roleAttribute\"\n\t\t\t>\n\t\t\t\t\t\t\t<button aria-label=\"Close menu\" class=\"wp-block-navigation__responsive-container-close\" \n\t\t\t\tdata-wp-on-async--click=\"actions.closeMenuOnClick\"\n\t\t\t><svg xmlns=\"http:\/\/www.w3.org\/2000\/svg\" viewBox=\"0 0 24 24\" width=\"24\" height=\"24\" aria-hidden=\"true\" focusable=\"false\"><path d=\"m13.06 12 6.47-6.47-1.06-1.06L12 10.94 5.53 4.47 4.47 5.53 10.94 12l-6.47 6.47 1.06 1.06L12 13.06l6.47 6.47 1.06-1.06L13.06 12Z\"><\/path><\/svg><\/button>\n\t\t\t\t\t\t\t<div class=\"wp-block-navigation__responsive-container-content\" \n\t\t\t\tdata-wp-watch=\"callbacks.focusFirstElement\"\n\t\t\t id=\"modal-2-content\">\n\t\t\t\t\t\t\t\t<ul class=\"wp-block-navigation__container has-small-font-size is-responsive items-justified-right wp-block-navigation has-small-font-size\"><li class=\"has-small-font-size wp-block-navigation-item wp-block-home-link\"><a class=\"wp-block-home-link__content wp-block-navigation-item__content\" href=\"https:\/\/hairtreat.fi\" rel=\"home\">Etusivu<\/a><\/li><li class=\"has-small-font-size wp-block-navigation-item wp-block-navigation-link\"><a class=\"wp-block-navigation-item__content\"  href=\"http:\/\/hairtreat.fi\/?page_id=11\"><span class=\"wp-block-navigation-item__label\">Meist\u00e4<\/span><\/a><\/li><li class=\"has-small-font-size wp-block-navigation-item wp-block-navigation-link\"><a class=\"wp-block-navigation-item__content\"  href=\"http:\/\/hairtreat.fi\/?page_id=13\"><span class=\"wp-block-navigation-item__label\">Palvelumme ja hinnasto<\/span><\/a><\/li><li class=\"has-small-font-size wp-block-navigation-item wp-block-navigation-link\"><a class=\"wp-block-navigation-item__content\"  href=\"http:\/\/hairtreat.fi\/?page_id=15\"><span class=\"wp-block-navigation-item__label\">Tuotteemme<\/span><\/a><\/li><li class=\"has-small-font-size wp-block-navigation-item wp-block-navigation-link\"><a class=\"wp-block-navigation-item__content\"  href=\"http:\/\/hairtreat.fi\/?page_id=17\"><span class=\"wp-block-navigation-item__label\">Ota yhteytt\u00e4<\/span><\/a><\/li><\/ul>\n<div class=\"wp-block-buttons is-layout-flex wp-block-buttons-is-layout-flex\">\n<div class=\"wp-block-button is-style-outline is-style-outline--1\"><a class=\"wp-block-button__link wp-element-button\" href=\"https:\/\/timma.fi\/yritys\/hair-treat-mikonkatu\">Varaa aika<\/a><\/div>\n<\/div>\n\n\t\t\t\t\t\t\t<\/div>\n\t\t\t\t\t\t<\/div>\n\t\t\t\t\t<\/div>\n\t\t\t\t<\/div><\/nav><\/div>\n<\/div>\n\n\n\n<div class=\"wp-block-group alignfull has-base-color has-contrast-background-color has-text-color has-background has-link-color wp-elements-190addc71a6d9ef17fde86dda099c06c has-global-padding is-content-justification-center is-layout-constrained wp-container-core-group-is-layout-733701de wp-block-group-is-layout-constrained\" style=\"margin-top:0;margin-bottom:0;padding-top:var(--wp--preset--spacing--50);padding-right:var(--wp--preset--spacing--50);padding-bottom:var(--wp--preset--spacing--50);padding-left:var(--wp--preset--spacing--50)\">\n<p class=\"has-text-align-center\">K\u00e4yt\u00e4mme ja myymme liikkeess\u00e4mme laadukkaiden tuotemerkkien tuotteitta. Voit tutustua tuotteisiimme alta.&nbsp;<\/p>\n\n\n\n<div class=\"wp-block-group alignwide is-layout-flow wp-block-group-is-layout-flow\">\n<hr class=\"wp-block-separator has-text-color has-base-color has-alpha-channel-opacity has-base-background-color has-background is-style-wide\" style=\"margin-top:var(--wp--preset--spacing--30);margin-bottom:var(--wp--preset--spacing--30)\"\/>\n\n\n\n<h3 class=\"wp-block-heading alignwide has-text-align-center has-base-2-color has-text-color has-link-color wp-elements-d69d660f83ee871b576ba3291c3b67e3\">Sebastian Professional <\/h3>\n\n\n\n<p class=\"has-text-align-center has-contrast-1-color has-text-color has-link-color wp-elements-423d2cc4c8c10766cbd303ff1c5a825d\">Tutustu br\u00e4ndiin<mark style=\"background-color:rgba(0, 0, 0, 0);color:#ffbafa\" class=\"has-inline-color\">&nbsp;<\/mark><a href=\"https:\/\/www.sebastianprofessional.com\/en-GB\" target=\"_blank\" rel=\"noreferrer noopener\"><mark style=\"background-color:rgba(0, 0, 0, 0);color:#ff89fe\" class=\"has-inline-color\">t\u00e4\u00e4lt\u00e4<\/mark><\/a><mark style=\"background-color:rgba(0, 0, 0, 0);color:#ffbafa\" class=\"has-inline-color\">.<\/mark><\/p>\n\n\n\n<figure class=\"wp-block-image aligncenter size-full is-resized wp-duotone-unset-3\"><img loading=\"lazy\" decoding=\"async\" width=\"300\" height=\"60\" src=\"http:\/\/hairtreat.fi\/wp-content\/uploads\/2024\/11\/sebastina_logo.png\" alt=\"\" class=\"wp-image-295\" style=\"width:399px;height:auto\"\/><\/figure>\n\n\n\n<hr class=\"wp-block-separator has-text-color has-base-color has-alpha-channel-opacity has-base-background-color has-background is-style-wide\" style=\"margin-top:var(--wp--preset--spacing--30);margin-bottom:var(--wp--preset--spacing--30)\"\/>\n\n\n\n<h3 class=\"wp-block-heading alignwide has-text-align-center has-base-2-color has-text-color has-link-color wp-elements-b0e2612a1301db631d0fb762204338ce\">Wella Professionals  <\/h3>\n\n\n\n<p class=\"has-text-align-center has-contrast-1-color has-text-color has-link-color wp-elements-2a46077fa4bb30143ede859d4c952cb4\">Tutustu br\u00e4ndiin&nbsp;<mark style=\"background-color:rgba(0, 0, 0, 0);color:#ff89fe\" class=\"has-inline-color\"><a href=\"https:\/\/www.wella.com\/professional\/fi-FI\/home\" target=\"_blank\" rel=\"noreferrer noopener\">t\u00e4\u00e4lt\u00e4<\/a>.<\/mark><\/p>\n\n\n\n<div class=\"wp-block-columns is-layout-flex wp-container-core-columns-is-layout-28f84493 wp-block-columns-is-layout-flex\">\n<div class=\"wp-block-column is-vertically-aligned-center is-layout-flow wp-block-column-is-layout-flow\" style=\"flex-basis:100%\">\n<figure class=\"wp-block-image aligncenter size-full is-resized wp-duotone-unset-4\"><img loading=\"lazy\" decoding=\"async\" width=\"140\" height=\"179\" src=\"http:\/\/hairtreat.fi\/wp-content\/uploads\/2024\/11\/IMG_4518_PNG.jpg\" alt=\"\" class=\"wp-image-200\" style=\"width:157px;height:auto\"\/><\/figure>\n\n\n\n<figure class=\"wp-block-image aligncenter size-full wp-duotone-unset-5\"><img loading=\"lazy\" decoding=\"async\" width=\"183\" height=\"179\" src=\"http:\/\/hairtreat.fi\/wp-content\/uploads\/2024\/11\/IMG_4517_PNG.jpg\" alt=\"\" class=\"wp-image-199\"\/><\/figure>\n<\/div>\n<\/div>\n\n\n\n<hr class=\"wp-block-separator has-text-color has-base-color has-alpha-channel-opacity has-base-background-color has-background is-style-wide\" style=\"margin-top:var(--wp--preset--spacing--30);margin-bottom:var(--wp--preset--spacing--30)\"\/>\n\n\n\n<h3 class=\"wp-block-heading alignwide has-text-align-center has-base-2-color has-text-color has-link-color wp-elements-a966b1121c5171d9728efcc692488c1a\">Wella SP           <\/h3>\n\n\n\n<p class=\"has-text-align-center has-contrast-1-color has-text-color has-link-color wp-elements-c262400ac1d1a376972f777f0265f0ab\">Osana Wellaa l\u00f6yd\u00e4t meilt\u00e4 my\u00f6s SP-tuotesarjan tuotteet<\/p>\n\n\n\n<figure class=\"wp-block-image aligncenter size-full is-resized wp-duotone-unset-6\"><img loading=\"lazy\" decoding=\"async\" width=\"71\" height=\"71\" src=\"http:\/\/hairtreat.fi\/wp-content\/uploads\/2024\/11\/logot_hairtreat.jpg\" alt=\"\" class=\"wp-image-34\" style=\"width:121px;height:auto\"\/><\/figure>\n\n\n\n<figure class=\"wp-block-image aligncenter size-full is-resized wp-duotone-unset-7\"><img loading=\"lazy\" decoding=\"async\" width=\"149\" height=\"95\" src=\"http:\/\/hairtreat.fi\/wp-content\/uploads\/2024\/11\/wella-professionals-logo-3DEF0D62FB-seeklogo_com.png\" alt=\"\" class=\"wp-image-33\" style=\"width:191px;height:auto\"\/><\/figure>\n\n\n\n<div style=\"margin-top:var(--wp--preset--spacing--10);margin-bottom:0;height:var(--wp--preset--spacing--10)\" aria-hidden=\"true\" class=\"wp-block-spacer\"><\/div>\n<\/div>\n<\/div>\n","protected":false},"excerpt":{"rendered":"<p>K\u00e4yt\u00e4mme ja myymme liikkeess\u00e4mme laadukkaiden tuotemerkkien tuotteitta. Voit tutustua tuotteisiimme alta.&nbsp; Sebastian Professional Tutustu br\u00e4ndiin&nbsp;t\u00e4\u00e4lt\u00e4. Wella Professionals Tutustu br\u00e4ndiin&nbsp;t\u00e4\u00e4lt\u00e4. Wella SP Osana Wellaa l\u00f6yd\u00e4t meilt\u00e4 my\u00f6s SP-tuotesarjan tuotteet<\/p>\n","protected":false},"author":1,"featured_media":0,"parent":0,"menu_order":0,"comment_status":"closed","ping_status":"closed","template":"","meta":{"footnotes":""},"class_list":["post-15","page","type-page","status-publish","hentry"],"_links":{"self":[{"href":"https:\/\/hairtreat.fi\/index.php?rest_route=\/wp\/v2\/pages\/15","targetHints":{"allow":["GET"]}}],"collection":[{"href":"https:\/\/hairtreat.fi\/index.php?rest_route=\/wp\/v2\/pages"}],"about":[{"href":"https:\/\/hairtreat.fi\/index.php?rest_route=\/wp\/v2\/types\/page"}],"author":[{"embeddable":true,"href":"https:\/\/hairtreat.fi\/index.php?rest_route=\/wp\/v2\/users\/1"}],"replies":[{"embeddable":true,"href":"https:\/\/hairtreat.fi\/index.php?rest_route=%2Fwp%2Fv2%2Fcomments&post=15"}],"version-history":[{"count":21,"href":"https:\/\/hairtreat.fi\/index.php?rest_route=\/wp\/v2\/pages\/15\/revisions"}],"predecessor-version":[{"id":378,"href":"https:\/\/hairtreat.fi\/index.php?rest_route=\/wp\/v2\/pages\/15\/revisions\/378"}],"wp:attachment":[{"href":"https:\/\/hairtreat.fi\/index.php?rest_route=%2Fwp%2Fv2%2Fmedia&parent=15"}],"curies":[{"name":"wp","href":"https:\/\/api.w.org\/{rel}","templated":true}]}}